{"id":3153,"date":"2023-04-01T12:55:31","date_gmt":"2023-04-01T12:55:31","guid":{"rendered":"https:\/\/peerbridge.co.jp\/hoc-phi\/"},"modified":"2023-04-01T14:47:03","modified_gmt":"2023-04-01T14:47:03","slug":"hoc-phi","status":"publish","type":"page","link":"https:\/\/peerbridge.co.jp\/vi\/hoc-phi\/","title":{"rendered":"H\u1ecdc ph\u00ed"},"content":{"rendered":"\n\t<div id=\"gap-311618189\" class=\"gap-element clearfix\" style=\"display:block; height:auto;\">\n\t\t\n<style>\n#gap-311618189 {\n  padding-top: 20px;\n}\n<\/style>\n\t<\/div>\n\t\n\n<div class=\"row\"  id=\"row-1053197773\">\n\n\n\t<div id=\"col-1642798471\" class=\"col medium-3 small-12 large-3\"  >\n\t\t\t\t<div class=\"col-inner\"  >\n\t\t\t\n\t\t\t\n\n\n  <div class=\"banner has-hover\" id=\"banner-45407791\">\n          <div class=\"banner-inner fill\">\n        <div class=\"banner-bg fill\" >\n            <div class=\"bg fill bg-fill \"><\/div>\n                        <div class=\"overlay\"><\/div>            \n                    <\/div>\n\t\t\n        <div class=\"banner-layers container\">\n            <div class=\"fill banner-link\"><\/div>            \n\n   <div id=\"text-box-1487552980\" class=\"text-box banner-layer x50 md-x50 lg-x50 y50 md-y50 lg-y50 res-text\">\n                                <div class=\"text-box-content text dark\">\n              \n              <div class=\"text-inner text-center\">\n                  \n\n<h3><span style=\"font-size: 160%;\"><strong>H\u1ecdc ph\u00ed<\/strong><\/span><\/h3>\n\n              <\/div>\n           <\/div>\n                            \n<style>\n#text-box-1487552980 {\n  width: 60%;\n}\n#text-box-1487552980 .text-box-content {\n  font-size: 100%;\n}\n<\/style>\n    <\/div>\n \n\n        <\/div>\n      <\/div>\n\n            \n<style>\n#banner-45407791 {\n  padding-top: 65px;\n  background-color: rgb(4, 70, 122);\n}\n#banner-45407791 .overlay {\n  background-color: rgba(0, 0, 0, 0.17);\n}\n#banner-45407791 .ux-shape-divider--top svg {\n  height: 150px;\n  --divider-top-width: 100%;\n}\n#banner-45407791 .ux-shape-divider--bottom svg {\n  height: 150px;\n  --divider-width: 100%;\n}\n<\/style>\n  <\/div>\n\n\n\t<div class=\"ux-menu stack stack-col justify-start ux-menu-link__link ux-menu--divider-solid\">\n\t\t\n\n\t<div class=\"ux-menu-link flex menu-item\">\n\t\t<a class=\"ux-menu-link__link flex\" href=\"https:\/\/peerbridge.co.jp\/%e5%85%a5%e5%ad%a6%e8%b3%87%e6%a0%bc\/\"  >\n\t\t\t<i class=\"ux-menu-link__icon text-center icon-angle-right\" ><\/i>\t\t\t<span class=\"ux-menu-link__text\">\n\t\t\t\tT\u01b0 c\u00e1ch nh\u1eadp h\u1ecdc\t\t\t<\/span>\n\t\t<\/a>\n\t<\/div>\n\t\n\n\t<div class=\"ux-menu-link flex menu-item\">\n\t\t<a class=\"ux-menu-link__link flex\" href=\"https:\/\/peerbridge.co.jp\/%e5%85%a5%e5%ad%a6%e3%81%be%e3%81%a7%e3%81%ae%e6%b5%81%e3%82%8c\/\"  >\n\t\t\t<i class=\"ux-menu-link__icon text-center icon-angle-right\" ><\/i>\t\t\t<span class=\"ux-menu-link__text\">\n\t\t\t\tQuy tr\u00ecnh nh\u1eadp h\u1ecdc\t\t\t<\/span>\n\t\t<\/a>\n\t<\/div>\n\t\n\n\t<div class=\"ux-menu-link flex menu-item\">\n\t\t<a class=\"ux-menu-link__link flex\" href=\"https:\/\/peerbridge.co.jp\/%e6%9b%b8%e9%a1%9e%e3%83%80%e3%82%a6%e3%83%b3%e3%83%ad%e3%83%bc%e3%83%89\/\"  >\n\t\t\t<i class=\"ux-menu-link__icon text-center icon-angle-right\" ><\/i>\t\t\t<span class=\"ux-menu-link__text\">\n\t\t\t\tT\u1ea3i t\u00e0i li\u1ec7u\t\t\t<\/span>\n\t\t<\/a>\n\t<\/div>\n\t\n\n\n\t<\/div>\n\t\n\n\n\t\t<\/div>\n\t\t\t\t\t<\/div>\n\n\t\n\n\t<div id=\"col-1484180980\" class=\"col medium-9 small-12 large-9\"  >\n\t\t\t\t<div class=\"col-inner\"  >\n\t\t\t\n\t\t\t\n\n<h1 style=\"text-align: left;\"><span style=\"font-size: 25.92px;\"><span style=\"font-size: 25.92px;\">H\u1ecdc ph\u00ed<\/span><\/span><\/h1>\n<div class=\"row\"  id=\"row-442260901\">\n\n\n\t<div id=\"col-525400659\" class=\"col small-12 large-12\"  >\n\t\t\t\t<div class=\"col-inner\"  >\n\t\t\t\n\t\t\t\n\n<div class=\"row\"  id=\"row-1767451351\">\n\n\n\t<div id=\"col-1900431354\" class=\"col small-12 large-12\"  >\n\t\t\t\t<div class=\"col-inner\"  >\n\t\t\t\n\t\t\t\n\n<table border=\"1\" width=\"600\" cellspacing=\"1\">\n<tbody style=\"margin: 0px; padding: 0px;\">\n<tr>\n<th width=\"24%\">\n<p>M\u1ee5c l\u1ee5c<\/p>\n<\/th>\n<th width=\"10%\">\n<p>Gi\u00e1 ti\u1ec1n<\/p>\n<\/th>\n<th width=\"30%\">\n<p>Th\u1eddi h\u1ea1n thanh to\u00e1n<\/p>\n<\/th>\n<\/tr>\n<tr>\n<td>\n<p>Ph\u00ed tuy\u1ec3n ch\u1ecdn<\/p>\n<\/td>\n<td style=\"text-align: right;\">\n<p>30,000 y\u00ean<\/p>\n<\/td>\n<td rowspan=\"9\">\n<p><span style=\"color: #000000; font-size: 100%;\">Sau khi c\u1ea5p gi\u1ea5y ch\u1ee9ng nh\u1eadn \u0111\u1ee7 t\u01b0 c\u00e1ch d\u1ee5 h\u1ecdc, thanh to\u00e1n trong kho\u1ea3ng th\u1eddi gian quy \u0111\u1ecbnh c\u1ee7a nh\u00e0 tr\u01b0\u1eddng. <\/span><\/p>\n<\/td>\n<\/tr>\n<tr>\n<td>\n<p>Ph\u00ed nh\u1eadp h\u1ecdc<\/p>\n<\/td>\n<td style=\"text-align: right;\">\n<p>50,000 y\u00ean<\/p>\n<\/td>\n<\/tr>\n<tr>\n<td>\n<p><span style=\"color: #ed1c24;\"><strong>H\u1ecdc ph\u00ed\uff081 n\u0103m\uff09<\/strong><\/span><\/p>\n<\/td>\n<td style=\"text-align: right;\">\n<p><span style=\"color: #ed1c24;\"><strong>660,000 y\u00ean<\/strong><\/span><\/p>\n<\/td>\n<\/tr>\n<tr>\n<td>\n<p>C\u01a1 s\u1edf v\u1eadt ch\u1ea5t<\/p>\n<\/td>\n<td style=\"text-align: right;\">\n<p>40,000y\u00ean<\/p>\n<\/td>\n<\/tr>\n<tr>\n<td>\n<p>T\u00e0i li\u1ec7u h\u1ecdc (1 n\u0103m\uff09<\/p>\n<\/td>\n<td style=\"text-align: right;\">\n<p>40,000y\u00ean<\/p>\n<\/td>\n<\/tr>\n<tr>\n<td>\n<p>Ph\u00ed ho\u1ea1t \u0111\u1ed9ng ngo\u1ea1i kh\u00f3a (1 n\u0103m)<\/p>\n<\/td>\n<td style=\"text-align: right;\">\n<p>10,000 y\u00ean<\/p>\n<\/td>\n<\/tr>\n<tr>\n<td>\n<p>Ph\u00ed kh\u00e1m s\u1ee9c kh\u1ecfe (1 n\u0103m)<\/p>\n<\/td>\n<td style=\"text-align: right;\">\n<p>5000y\u00ean<\/p>\n<\/td>\n<\/tr>\n<tr>\n<td>\n<p>T\u1ed5ng chi ph\u00ed n\u0103m \u0111\u1ea7u ti\u00ean<\/p>\n<\/td>\n<td style=\"text-align: right;\">\n<p>835,000y\u00ean<\/p>\n<\/td>\n<\/tr>\n<\/tbody>\n<\/table>\n<ul>\n<li>\n<p>Ngo\u00e0i ra, ph\u00ed x\u1eed l\u00fd ng\u00e2n h\u00e0ng 5.000 y\u00ean (ch\u1ec9 d\u00e0nh cho c\u00e1c \u0111\u1ecba \u0111i\u1ec3m g\u1eedi ti\u1ec1n t\u1eeb n\u01b0\u1edbc ngo\u00e0i) l\u00e0 b\u1eaft bu\u1ed9c.<\/p>\n<\/li>\n<li>\n<p>Ho\u00e0n tr\u1ea3 h\u1ecdc ph\u00ed, v.v.<\/p>\n<ul>\n<li>\n<p>Ph\u00ed s\u00e0ng l\u1ecdc l\u00e0 ph\u00ed ki\u1ec3m tra xem c\u00f3 cho ph\u00e9p nh\u1eadp h\u1ecdc hay kh\u00f4ng. (\u0110\u00f3 kh\u00f4ng ph\u1ea3i l\u00e0 l\u1ec7 ph\u00ed n\u1ed9p \u0111\u01a1n cho C\u1ee5c qu\u1ea3n l\u00fd xu\u1ea5t nh\u1eadp c\u1ea3nh.) V\u00ec v\u1eady, b\u1ea5t k\u1ec3 quy\u1ebft \u0111\u1ecbnh \u0111\u1ea1t\/kh\u00f4ng \u0111\u1ea1t c\u1ee7a tr\u01b0\u1eddng l\u00e0 g\u00ec, n\u00f3 ho\u00e0n to\u00e0n kh\u00f4ng th\u1ec3 \u0111\u01b0\u1ee3c ho\u00e0n l\u1ea1i.<\/p>\n<\/li>\n<li>\n<p>H\u1ecdc ph\u00ed \u0111\u00e3 \u0111\u00f3ng kh\u00f4ng \u0111\u01b0\u1ee3c ho\u00e0n l\u1ea1i tr\u1eeb c\u00e1c tr\u01b0\u1eddng h\u1ee3p sau.<\/p>\n<\/li>\n<\/ul>\n<\/li>\n<\/ul>\n<ol>\n<li>\n<p><span style=\"color: #555555; font-size: 14.4px;\"> N\u1ebfu \u0110\u1ea1i s\u1ee9 qu\u00e1n ho\u1eb7c L\u00e3nh s\u1ef1 qu\u00e1n Nh\u1eadt B\u1ea3n t\u1eeb ch\u1ed1i c\u1ea5p visa, h\u1ecdc ph\u00ed s\u1ebd \u0111\u01b0\u1ee3c ho\u00e0n tr\u1ea3 to\u00e0n b\u1ed9, ngo\u1ea1i tr\u1eeb ph\u00ed x\u00e9t tuy\u1ec3n v\u00e0 ph\u00ed nh\u1eadp h\u1ecdc.<\/span><\/p>\n<\/li>\n<li>\n<p> N\u1ebfu b\u1ea1n t\u1eeb ch\u1ed1i \u0111\u0103ng k\u00fd v\u00e0 nh\u1eadn \u0111\u01b0\u1ee3c y\u00eau c\u1ea7u v\u00e0o cu\u1ed1i th\u00e1ng 3 (\u0111\u0103ng k\u00fd th\u00e1ng 4) ho\u1eb7c cu\u1ed1i th\u00e1ng 9 (\u0111\u0103ng k\u00fd th\u00e1ng 10), h\u1ecdc ph\u00ed v\u00e0 s\u00e1ch gi\u00e1o khoa s\u1ebd \u0111\u01b0\u1ee3c ho\u00e0n tr\u1ea3. Ph\u00ed s\u00e0ng l\u1ecdc v\u00e0 ph\u00ed nh\u1eadp h\u1ecdc l\u00e0 kh\u00f4ng ho\u00e0n l\u1ea1i. Tuy nhi\u00ean, n\u1ebfu b\u1ea1n t\u1eeb ch\u1ed1i nh\u1eadp h\u1ecdc sau th\u00e1ng 4 (nh\u1eadp h\u1ecdc th\u00e1ng 4) ho\u1eb7c th\u00e1ng 10 (nh\u1eadp h\u1ecdc th\u00e1ng 10), b\u1ea1n s\u1ebd kh\u00f4ng \u0111\u01b0\u1ee3c ho\u00e0n tr\u1ea3 ph\u00ed.<\/p>\n<\/li>\n<\/ol>\n\n\t\t<\/div>\n\t\t\t\t\t<\/div>\n\n\t\n\n<\/div>\n\n\n\t\t<\/div>\n\t\t\t\t\t<\/div>\n\n\t\n\n<\/div>\n<div class=\"row\"  id=\"row-1464110915\">\n\n\n\t<div id=\"col-332078206\" class=\"col small-12 large-12\"  >\n\t\t\t\t<div class=\"col-inner text-center\"  >\n\t\t\t\n\t\t\t\n\n<p><a href=\"https:\/\/peerbridge.co.jp\/%e5%85%a5%e5%ad%a6%e8%b3%87%e6%a0%bc\/\">T\u01b0 c\u00e1ch nh\u1eadp h\u1ecdc<\/a>| <a href=\"https:\/\/peerbridge.co.jp\/%e5%85%a5%e5%ad%a6%e3%81%be%e3%81%a7%e3%81%ae%e6%b5%81%e3%82%8c\/\">Quy tr\u00ecnh nh\u1eadp h\u1ecdc<\/a> | <a href=\"https:\/\/peerbridge.co.jp\/%e6%9b%b8%e9%a1%9e%e3%83%80%e3%82%a6%e3%83%b3%e3%83%ad%e3%83%bc%e3%83%89\/\">T\u1ea3i t\u00e0i li\u1ec7u<\/a>  <\/p>\n\n\n\t\t<\/div>\n\t\t\t\t\t<\/div>\n\n\t\n\n<\/div>\n\n\t\t<\/div>\n\t\t\t\t\t<\/div>\n\n\t\n\n<\/div>\n\n","protected":false},"excerpt":{"rendered":"","protected":false},"author":1,"featured_media":0,"parent":0,"menu_order":0,"comment_status":"closed","ping_status":"closed","template":"page-blank.php","meta":{"footnotes":""},"class_list":["post-3153","page","type-page","status-publish","hentry"],"_links":{"self":[{"href":"https:\/\/peerbridge.co.jp\/vi\/wp-json\/wp\/v2\/pages\/3153","targetHints":{"allow":["GET"]}}],"collection":[{"href":"https:\/\/peerbridge.co.jp\/vi\/wp-json\/wp\/v2\/pages"}],"about":[{"href":"https:\/\/peerbridge.co.jp\/vi\/wp-json\/wp\/v2\/types\/page"}],"author":[{"embeddable":true,"href":"https:\/\/peerbridge.co.jp\/vi\/wp-json\/wp\/v2\/users\/1"}],"replies":[{"embeddable":true,"href":"https:\/\/peerbridge.co.jp\/vi\/wp-json\/wp\/v2\/comments?post=3153"}],"version-history":[{"count":1,"href":"https:\/\/peerbridge.co.jp\/vi\/wp-json\/wp\/v2\/pages\/3153\/revisions"}],"predecessor-version":[{"id":3154,"href":"https:\/\/peerbridge.co.jp\/vi\/wp-json\/wp\/v2\/pages\/3153\/revisions\/3154"}],"wp:attachment":[{"href":"https:\/\/peerbridge.co.jp\/vi\/wp-json\/wp\/v2\/media?parent=3153"}],"curies":[{"name":"wp","href":"https:\/\/api.w.org\/{rel}","templated":true}]}}