{"id":2328,"date":"2023-01-16T13:30:17","date_gmt":"2023-01-16T13:30:17","guid":{"rendered":"https:\/\/peerbridge.co.jp\/co-so-vat-chat\/"},"modified":"2023-03-31T15:53:23","modified_gmt":"2023-03-31T15:53:23","slug":"co-so-vat-chat","status":"publish","type":"page","link":"https:\/\/peerbridge.co.jp\/vi\/gioi-thieu-truong-hoc\/co-so-vat-chat\/","title":{"rendered":"C\u01a1 s\u1edf v\u1eadt ch\u1ea5t"},"content":{"rendered":"\n<p><\/p>\n\n\t<div id=\"gap-203729499\" class=\"gap-element clearfix\" style=\"display:block; height:auto;\">\n\t\t\n<style>\n#gap-203729499 {\n  padding-top: 20px;\n}\n<\/style>\n\t<\/div>\n\t\n\n<div class=\"row\"  id=\"row-622973399\">\n\n\n\t<div id=\"col-2069387980\" class=\"col medium-3 small-12 large-3\"  >\n\t\t\t\t<div class=\"col-inner\"  >\n\t\t\t\n\t\t\t\n\n\n  <div class=\"banner has-hover\" id=\"banner-3974574\">\n          <div class=\"banner-inner fill\">\n        <div class=\"banner-bg fill\" >\n            <div class=\"bg fill bg-fill \"><\/div>\n                        <div class=\"overlay\"><\/div>            \n                    <\/div>\n\t\t\n        <div class=\"banner-layers container\">\n            <div class=\"fill banner-link\"><\/div>            \n\n   <div id=\"text-box-1182868334\" class=\"text-box banner-layer x50 md-x50 lg-x50 y50 md-y50 lg-y50 res-text\">\n                                <div class=\"text-box-content text dark\">\n              \n              <div class=\"text-inner text-center\">\n                  \n\n<h3><span style=\"font-size: 160%;\"><strong>Gi\u1edbi thi\u1ec7u tr\u01b0\u1eddng h\u1ecdc<\/strong><\/span><\/h3>\n\n              <\/div>\n           <\/div>\n                            \n<style>\n#text-box-1182868334 {\n  width: 60%;\n}\n#text-box-1182868334 .text-box-content {\n  font-size: 100%;\n}\n<\/style>\n    <\/div>\n \n\n        <\/div>\n      <\/div>\n\n            \n<style>\n#banner-3974574 {\n  padding-top: 65px;\n  background-color: rgb(4, 70, 122);\n}\n#banner-3974574 .overlay {\n  background-color: rgba(0, 0, 0, 0.17);\n}\n#banner-3974574 .ux-shape-divider--top svg {\n  height: 150px;\n  --divider-top-width: 100%;\n}\n#banner-3974574 .ux-shape-divider--bottom svg {\n  height: 150px;\n  --divider-width: 100%;\n}\n<\/style>\n  <\/div>\n\n\n\t<div class=\"ux-menu stack stack-col justify-start ux-menu-link__link ux-menu--divider-solid\">\n\t\t\n\n\t<div class=\"ux-menu-link flex menu-item\">\n\t\t<a class=\"ux-menu-link__link flex\" href=\"https:\/\/peerbridge.co.jp\/%e5%ad%a6%e6%a0%a1%e7%b4%b9%e4%bb%8b\/%e7%90%86%e4%ba%8b%e9%95%b7%e6%8c%a8%e6%8b%b6\/\"  >\n\t\t\t<i class=\"ux-menu-link__icon text-center icon-angle-right\" ><\/i>\t\t\t<span class=\"ux-menu-link__text\">\n\t\t\t\tL\u1eddi ch\u00e0o t\u1eeb Ch\u1ee7 t\u1ecbch\t\t\t<\/span>\n\t\t<\/a>\n\t<\/div>\n\t\n\n\t<div class=\"ux-menu-link flex menu-item\">\n\t\t<a class=\"ux-menu-link__link flex\" href=\"https:\/\/peerbridge.co.jp\/%e5%ad%a6%e6%a0%a1%e7%b4%b9%e4%bb%8b\/%e5%ad%a6%e6%a0%a1%e6%a6%82%e8%a6%81\/\"  >\n\t\t\t<i class=\"ux-menu-link__icon text-center icon-angle-right\" ><\/i>\t\t\t<span class=\"ux-menu-link__text\">\n\t\t\t\tKh\u00e1i qu\u00e1t v\u1ec1 tr\u01b0\u1eddng h\u1ecdc\t\t\t<\/span>\n\t\t<\/a>\n\t<\/div>\n\t\n\n\t<div class=\"ux-menu-link flex menu-item\">\n\t\t<a class=\"ux-menu-link__link flex\" href=\"https:\/\/peerbridge.co.jp\/%e5%ad%a6%e6%a0%a1%e7%b4%b9%e4%bb%8b\/%e6%95%99%e8%81%b7%e5%93%a1\/\"  >\n\t\t\t<i class=\"ux-menu-link__icon text-center icon-angle-right\" ><\/i>\t\t\t<span class=\"ux-menu-link__text\">\n\t\t\t\tGi\u1ea3ng vi\u00ean v\u00e0 Nh\u00e2n vi\u00ean\t\t\t<\/span>\n\t\t<\/a>\n\t<\/div>\n\t\n\n\t<div class=\"ux-menu-link flex menu-item\">\n\t\t<a class=\"ux-menu-link__link flex\" href=\"https:\/\/peerbridge.co.jp\/%e5%ad%a6%e6%a0%a1%e7%b4%b9%e4%bb%8b\/%e6%a0%a1%e8%88%8e\/\"  >\n\t\t\t<i class=\"ux-menu-link__icon text-center icon-angle-right\" ><\/i>\t\t\t<span class=\"ux-menu-link__text\">\n\t\t\t\tC\u01a1 s\u1edf v\u1eadt ch\u1ea5t\t\t\t<\/span>\n\t\t<\/a>\n\t<\/div>\n\t\n\n\n\t<\/div>\n\t\n\n\n\t\t<\/div>\n\t\t\t\t\t<\/div>\n\n\t\n\n\t<div id=\"col-739827216\" class=\"col medium-9 small-12 large-9\"  >\n\t\t\t\t<div class=\"col-inner\"  >\n\t\t\t\n\t\t\t\n\n<h1 style=\"text-align: left;\"><span style=\"font-size: 25.92px;\"><span style=\"font-size: 25.92px;\">C\u01a1 s\u1edf v\u1eadt ch\u1ea5t<\/span><\/h1>\n\n<div class=\"row row-collapse row-full-width align-equal align-center\"  id=\"row-945453347\">\n\n\n\t<div id=\"col-1187097254\" class=\"col small-12 large-12\"  >\n\t\t\t\t<div class=\"col-inner\"  >\n\t\t\t\n\t\t\t\n\n<p>V\u1edbi tri\u1ebft l\u00fd nu\u00f4i d\u01b0\u1ee1ng ngu\u1ed3n nh\u00e2n l\u1ef1c gi\u00e0u t\u00ednh nh\u00e2n v\u0103n, ch\u00fang t\u00f4i mang \u0111\u1ebfn m\u1ed9t m\u00f4i tr\u01b0\u1eddng \u0111\u1ec3 b\u1ea1n y\u00ean t\u00e2m h\u1ecdc t\u1eadp v\u00e0 sinh s\u1ed1ng.<br>Ng\u00f4i tr\u01b0\u1eddng s\u00e1ng s\u1ee7a v\u00e0 s\u1ea1ch s\u1ebd, c\u00e1c l\u1edbp h\u1ecdc \u0111\u01b0\u1ee3c t\u1ed5 ch\u1ee9c v\u1edbi s\u0129 s\u1ed1 d\u01b0\u1edbi 20 h\u1ecdc sinh\/l\u1edbp. Th\u01b0 vi\u1ec7n c\u00f3 r\u1ea5t nhi\u1ec1u s\u00e1ch, ngo\u00e0i ra c\u00f2n c\u00f3 ph\u00f2ng t\u01b0 v\u1ea5n, n\u01a1i b\u1ea1n c\u00f3 th\u1ec3 th\u01b0 gi\u00e3n v\u00e0 tham kh\u1ea3o \u00fd ki\u1ebfn.<\/p>\n\t<div class=\"img has-hover x md-x lg-x y md-y lg-y\" id=\"image_352983221\">\n\t\t\t\t\t\t\t\t<div class=\"img-inner dark\" >\n\t\t\t<img loading=\"lazy\" decoding=\"async\" width=\"554\" height=\"290\" src=\"https:\/\/peerbridge.co.jp\/wp-content\/uploads\/2023\/01\/1-1ZZ41AU50-L-e1673875962938.png\" class=\"attachment-large size-large\" alt=\"\" \/>\t\t\t\t\t\t\n\t\t\t\t\t<\/div>\n\t\t\t\t\t\t\t\t\n<style>\n#image_352983221 {\n  width: 100%;\n}\n<\/style>\n\t<\/div>\n\t\n\n\n\t\t<\/div>\n\t\t\t\t\t<\/div>\n\n\t\n\n<\/div>\n<div class=\"row row-collapse row-full-width align-equal align-center\"  id=\"row-666459675\">\n\n\n\t<div id=\"col-1631365328\" class=\"col medium-4 small-12 large-4\"  >\n\t\t\t\t<div class=\"col-inner\"  >\n\t\t\t\n\t\t\t\n\n\t<div class=\"box has-hover   has-hover box-push box-text-bottom\" >\n\n\t\t<div class=\"box-image\" >\n\t\t\t\t\t\t<div class=\"image-zoom image-cover\" style=\"padding-top:100%;\">\n\t\t\t\t<img loading=\"lazy\" decoding=\"async\" width=\"280\" height=\"280\" src=\"https:\/\/peerbridge.co.jp\/wp-content\/uploads\/2023\/02\/\u5b66\u6821\u5916\u90e8\uff11-280x280.jpg\" class=\"attachment-thumbnail size-thumbnail\" alt=\"\" \/>\t\t\t\t\t\t\t\t\t\t\t<\/div>\n\t\t\t\t\t<\/div>\n\n\t\t<div class=\"box-text text-center\" >\n\t\t\t<div class=\"box-text-inner\">\n\t\t\t\t\n\n<h3><strong><span style=\"font-size: 115%;\"><span style=\"color: #04467a;\">C\u1ea3nh to\u00e0n di\u00ean<\/span><\/span><\/strong><\/h3>\n\n\t\t\t<\/div>\n\t\t<\/div>\n\t<\/div>\n\t\n\n\t\t<\/div>\n\t\t\t\t\n<style>\n#col-1631365328 > .col-inner {\n  padding: 10px 10px 10px 10px;\n}\n<\/style>\n\t<\/div>\n\n\t\n\n\t<div id=\"col-1812087170\" class=\"col medium-4 small-12 large-4\"  >\n\t\t\t\t<div class=\"col-inner\"  >\n\t\t\t\n\t\t\t\n\n\t<div class=\"box has-hover   has-hover box-push box-text-bottom\" >\n\n\t\t<div class=\"box-image\" >\n\t\t\t\t\t\t<div class=\"image-zoom image-cover\" style=\"padding-top:100%;\">\n\t\t\t\t<img loading=\"lazy\" decoding=\"async\" width=\"280\" height=\"280\" src=\"https:\/\/peerbridge.co.jp\/wp-content\/uploads\/2023\/02\/\u5b66\u6821\u5916\u90e8-280x280.jpg\" class=\"attachment-thumbnail size-thumbnail\" alt=\"\" \/>\t\t\t\t\t\t\t\t\t\t\t<\/div>\n\t\t\t\t\t<\/div>\n\n\t\t<div class=\"box-text text-center\" >\n\t\t\t<div class=\"box-text-inner\">\n\t\t\t\t\n\n<h3><strong><span style=\"font-size: 115%;\"><span style=\"color: #04467a;\">B\u00ean ngo\u00e0i tr\u01b0\u1eddng h\u1ecdc<\/span><\/span><\/strong><\/h3>\n\n\t\t\t<\/div>\n\t\t<\/div>\n\t<\/div>\n\t\n\n\t\t<\/div>\n\t\t\t\t\n<style>\n#col-1812087170 > .col-inner {\n  padding: 10px 10px 10px 10px;\n}\n<\/style>\n\t<\/div>\n\n\t\n\n\t<div id=\"col-1827270343\" class=\"col medium-4 small-12 large-4\"  >\n\t\t\t\t<div class=\"col-inner\"  >\n\t\t\t\n\t\t\t\n\n\t<div class=\"box has-hover   has-hover box-push box-text-bottom\" >\n\n\t\t<div class=\"box-image\" >\n\t\t\t\t\t\t<div class=\"image-zoom image-cover\" style=\"padding-top:100%;\">\n\t\t\t\t<img loading=\"lazy\" decoding=\"async\" width=\"280\" height=\"280\" src=\"https:\/\/peerbridge.co.jp\/wp-content\/uploads\/2023\/02\/\u5b66\u6821\u5165\u53e3-280x280.jpg\" class=\"attachment-thumbnail size-thumbnail\" alt=\"\" \/>\t\t\t\t\t\t\t\t\t\t\t<\/div>\n\t\t\t\t\t<\/div>\n\n\t\t<div class=\"box-text text-center\" >\n\t\t\t<div class=\"box-text-inner\">\n\t\t\t\t\n\n<h3><strong><span style=\"font-size: 115%;\"><span style=\"color: #04467a;\">L\u1ed1i v\u00e0o tr\u01b0\u1eddng<\/span><\/span><\/strong><\/h3>\n\n\t\t\t<\/div>\n\t\t<\/div>\n\t<\/div>\n\t\n\n\t\t<\/div>\n\t\t\t\t\n<style>\n#col-1827270343 > .col-inner {\n  padding: 10px 10px 10px 10px;\n}\n<\/style>\n\t<\/div>\n\n\t\n\n\t<div id=\"col-1227662305\" class=\"col medium-4 small-12 large-4\"  >\n\t\t\t\t<div class=\"col-inner\"  >\n\t\t\t\n\t\t\t\n\n\t<div class=\"box has-hover   has-hover box-push box-text-bottom\" >\n\n\t\t<div class=\"box-image\" >\n\t\t\t\t\t\t<div class=\"image-zoom image-cover\" style=\"padding-top:100%;\">\n\t\t\t\t<img loading=\"lazy\" decoding=\"async\" width=\"280\" height=\"280\" src=\"https:\/\/peerbridge.co.jp\/wp-content\/uploads\/2023\/02\/\u56f3\u66f8\u5ba4-280x280.jpg\" class=\"attachment-thumbnail size-thumbnail\" alt=\"\" \/>\t\t\t\t\t\t\t\t\t\t\t<\/div>\n\t\t\t\t\t<\/div>\n\n\t\t<div class=\"box-text text-center\" >\n\t\t\t<div class=\"box-text-inner\">\n\t\t\t\t\n\n<h3><strong><span style=\"font-size: 115%;\"><span style=\"color: #04467a;\">Th\u01b0 vi\u1ec7n<\/span><\/span><\/strong><\/h3>\n\n\t\t\t<\/div>\n\t\t<\/div>\n\t<\/div>\n\t\n\n\t\t<\/div>\n\t\t\t\t\n<style>\n#col-1227662305 > .col-inner {\n  padding: 10px 10px 10px 10px;\n}\n<\/style>\n\t<\/div>\n\n\t\n\n\t<div id=\"col-528162983\" class=\"col medium-4 small-12 large-4\"  >\n\t\t\t\t<div class=\"col-inner\"  >\n\t\t\t\n\t\t\t\n\n\t<div class=\"box has-hover   has-hover box-push box-text-bottom\" >\n\n\t\t<div class=\"box-image\" >\n\t\t\t\t\t\t<div class=\"image-zoom image-cover\" style=\"padding-top:100%;\">\n\t\t\t\t<img loading=\"lazy\" decoding=\"async\" width=\"280\" height=\"280\" src=\"https:\/\/peerbridge.co.jp\/wp-content\/uploads\/2023\/02\/\u4e8b\u52d9\u5ba4-280x280.jpg\" class=\"attachment-thumbnail size-thumbnail\" alt=\"\" \/>\t\t\t\t\t\t\t\t\t\t\t<\/div>\n\t\t\t\t\t<\/div>\n\n\t\t<div class=\"box-text text-center\" >\n\t\t\t<div class=\"box-text-inner\">\n\t\t\t\t\n\n<h3><strong><span style=\"font-size: 115%;\"><span style=\"color: #04467a;\">V\u0103n ph\u00f2ng<\/span><\/span><\/strong><\/h3>\n\n\t\t\t<\/div>\n\t\t<\/div>\n\t<\/div>\n\t\n\n\t\t<\/div>\n\t\t\t\t\n<style>\n#col-528162983 > .col-inner {\n  padding: 10px 10px 10px 10px;\n}\n<\/style>\n\t<\/div>\n\n\t\n\n\t<div id=\"col-365474303\" class=\"col medium-4 small-12 large-4\"  >\n\t\t\t\t<div class=\"col-inner\"  >\n\t\t\t\n\t\t\t\n\n\t<div class=\"box has-hover   has-hover box-push box-text-bottom\" >\n\n\t\t<div class=\"box-image\" >\n\t\t\t\t\t\t<div class=\"image-zoom image-cover\" style=\"padding-top:100%;\">\n\t\t\t\t<img loading=\"lazy\" decoding=\"async\" width=\"280\" height=\"280\" src=\"https:\/\/peerbridge.co.jp\/wp-content\/uploads\/2023\/02\/\u6559\u5ba4-280x280.jpg\" class=\"attachment-thumbnail size-thumbnail\" alt=\"\" \/>\t\t\t\t\t\t\t\t\t\t\t<\/div>\n\t\t\t\t\t<\/div>\n\n\t\t<div class=\"box-text text-center\" >\n\t\t\t<div class=\"box-text-inner\">\n\t\t\t\t\n\n<h3><strong><span style=\"font-size: 115%;\"><span style=\"color: #04467a;\">Ph\u00f2ng h\u1ecdc<\/span><\/span><\/strong><\/h3>\n\n\t\t\t<\/div>\n\t\t<\/div>\n\t<\/div>\n\t\n\n\t\t<\/div>\n\t\t\t\t\n<style>\n#col-365474303 > .col-inner {\n  padding: 10px 10px 10px 10px;\n}\n<\/style>\n\t<\/div>\n\n\t\n\n<\/div>\n<div class=\"row\"  id=\"row-1023967105\">\n\n\n\t<div id=\"col-1681360153\" class=\"col medium-3 small-12 large-3\"  >\n\t\t\t\t<div class=\"col-inner\"  >\n\t\t\t\n\t\t\t\n\n\n\t\t<\/div>\n\t\t\t\t\t<\/div>\n\n\t\n\n\t<div id=\"col-1217748793\" class=\"col medium-9 small-12 large-9\"  >\n\t\t\t\t<div class=\"col-inner\"  >\n\t\t\t\n\t\t\t\n\n\t<div id=\"gap-2055230220\" class=\"gap-element clearfix\" style=\"display:block; height:auto;\">\n\t\t\n<style>\n#gap-2055230220 {\n  padding-top: 30px;\n}\n<\/style>\n\t<\/div>\n\t\n\n<a href=\"https:\/\/pbsenmongakko.online\/%e5%ad%a6%e6%a0%a1%e7%b4%b9%e4%bb%8b\/\">Gi\u1edbi thi\u1ec7u tr\u01b0\u1eddng h\u1ecdc<\/a><a href=\"https:\/\/pbsenmongakko.online\/%e5%ad%a6%e6%a0%a1%e7%b4%b9%e4%bb%8b\/\"> <\/a>| <a href=\"https:\/\/pbsenmongakko.online\/%e7%90%86%e4%ba%8b%e9%95%b7%e6%8c%a8%e6%8b%b6\/\">L\u1eddi ch\u00e0o t\u1eeb ch\u1ee7 t\u1ecbch<\/a>| <a href=\"https:\/\/pbsenmongakko.online\/%e5%ad%a6%e6%a0%a1%e6%a6%82%e8%a6%81\/\">Kh\u00e1i qu\u00e1t v\u1ec1 tr\u01b0\u1eddng h\u1ecdc<\/a>| <a href=\"https:\/\/pbsenmongakko.online\/%e6%95%99%e8%81%b7%e5%93%a1\/\">Gi\u1ea3ng vi\u00ean<\/a>| <a href=\"https:\/\/pbsenmongakko.online\/%e6%a0%a1%e8%88%8e\/\">C\u01a1 s\u1edf v\u1eadt ch\u1ea5t<\/a> |\n\n\n\t\t<\/div>\n\t\t\t\t\t<\/div>\n\n\t\n\n<\/div>\n\n\t\t<\/div>\n\t\t\t\t\t<\/div>\n\n\t\n\n<\/div>\n\n","protected":false},"excerpt":{"rendered":"","protected":false},"author":1,"featured_media":0,"parent":2450,"menu_order":0,"comment_status":"closed","ping_status":"closed","template":"page-blank.php","meta":{"footnotes":""},"class_list":["post-2328","page","type-page","status-publish","hentry"],"_links":{"self":[{"href":"https:\/\/peerbridge.co.jp\/vi\/wp-json\/wp\/v2\/pages\/2328","targetHints":{"allow":["GET"]}}],"collection":[{"href":"https:\/\/peerbridge.co.jp\/vi\/wp-json\/wp\/v2\/pages"}],"about":[{"href":"https:\/\/peerbridge.co.jp\/vi\/wp-json\/wp\/v2\/types\/page"}],"author":[{"embeddable":true,"href":"https:\/\/peerbridge.co.jp\/vi\/wp-json\/wp\/v2\/users\/1"}],"replies":[{"embeddable":true,"href":"https:\/\/peerbridge.co.jp\/vi\/wp-json\/wp\/v2\/comments?post=2328"}],"version-history":[{"count":2,"href":"https:\/\/peerbridge.co.jp\/vi\/wp-json\/wp\/v2\/pages\/2328\/revisions"}],"predecessor-version":[{"id":2330,"href":"https:\/\/peerbridge.co.jp\/vi\/wp-json\/wp\/v2\/pages\/2328\/revisions\/2330"}],"up":[{"embeddable":true,"href":"https:\/\/peerbridge.co.jp\/vi\/wp-json\/wp\/v2\/pages\/2450"}],"wp:attachment":[{"href":"https:\/\/peerbridge.co.jp\/vi\/wp-json\/wp\/v2\/media?parent=2328"}],"curies":[{"name":"wp","href":"https:\/\/api.w.org\/{rel}","templated":true}]}}